{"id":117,"date":"2014-08-22T18:01:47","date_gmt":"2014-08-22T22:01:47","guid":{"rendered":"http:\/\/souslesbrumes.com\/?page_id=117"},"modified":"2014-08-22T18:01:47","modified_gmt":"2014-08-22T22:01:47","slug":"carnet-v","status":"publish","type":"page","link":"https:\/\/rainterra.net\/index.php\/a-propos\/terra-grove\/les-carnets\/carnet-v\/","title":{"rendered":"Carnet V"},"content":{"rendered":"<p style=\"text-align: justify;\"><strong>Covent, groupe, regroupement, cercle, etc.<br \/>\n<\/strong>Peut-\u00eatre pratiquez vous solitairement depuis longtemps, peut-\u00eatre d\u00e9butez-vous sur le chemin de la Wicca?\u00a0Pensez-y bien car les covents sont des organisations s\u00e9rieuses qui ne d\u00e9sirent pas voir leur \u00e9l\u00e8ve abandonner par manque soudain d&rsquo;int\u00e9r\u00eat. Cette partie n&rsquo;indique pas o\u00f9 et comment trouver un covent mais simplement des point \u00e0 r\u00e9fl\u00e9chir si vous consid\u00e9rez entrer en un covent ou en cr\u00e9er un. Certains\u00a0 traditionalistes pr\u00e9tendent l&rsquo;initiation en covent est le seul moyen de se consid\u00e9rer Wicca. Tandis que d&rsquo;autre diront qu&rsquo;un rituel d&rsquo;auto initiation ferait aussi bien l&rsquo;affaire. L&rsquo;approche formelle et de laisser chaque personne d\u00e9cider pour eux.<\/p>\n<h3>Notions de base:<\/h3>\n<p>Joindre un Covent?<br \/>\nChoisir un covent<br \/>\nGrille avanc\u00e9e de Bonewits<\/p>\n<h3>Introduction aux diff\u00e9rents aspects abord\u00e9s dans un covent<\/h3>\n<p>Le Dieu \u2013 La D\u00e9esse<br \/>\nLe Cercle \u2013 L\u2019Autel \u2013 La Cloche &#8211; L\u2019Atham\u00e9 \u2013 Les outils de base \u2013 Le costume \u2013 Le Grimoire ou Book of Shadows<br \/>\nLe Pentagramme<\/p>\n","protected":false},"excerpt":{"rendered":"<p>Covent, groupe, regroupement, cercle, etc. Peut-\u00eatre pratiquez vous solitairement depuis longtemps, peut-\u00eatre d\u00e9butez-vous sur le chemin de la Wicca?\u00a0Pensez-y bien car les covents sont des organisations s\u00e9rieuses qui ne d\u00e9sirent pas voir leur \u00e9l\u00e8ve abandonner par manque soudain d&rsquo;int\u00e9r\u00eat. Cette &hellip; <a href=\"https:\/\/rainterra.net\/index.php\/a-propos\/terra-grove\/les-carnets\/carnet-v\/\">Continuer la lecture <span class=\"meta-nav\">&rarr;<\/span><\/a><\/p>\n","protected":false},"author":1,"featured_media":101,"parent":20,"menu_order":0,"comment_status":"closed","ping_status":"closed","template":"","meta":{"footnotes":""},"class_list":["post-117","page","type-page","status-publish","has-post-thumbnail","hentry"],"_links":{"self":[{"href":"https:\/\/rainterra.net\/index.php\/wp-json\/wp\/v2\/pages\/117","targetHints":{"allow":["GET"]}}],"collection":[{"href":"https:\/\/rainterra.net\/index.php\/wp-json\/wp\/v2\/pages"}],"about":[{"href":"https:\/\/rainterra.net\/index.php\/wp-json\/wp\/v2\/types\/page"}],"author":[{"embeddable":true,"href":"https:\/\/rainterra.net\/index.php\/wp-json\/wp\/v2\/users\/1"}],"replies":[{"embeddable":true,"href":"https:\/\/rainterra.net\/index.php\/wp-json\/wp\/v2\/comments?post=117"}],"version-history":[{"count":0,"href":"https:\/\/rainterra.net\/index.php\/wp-json\/wp\/v2\/pages\/117\/revisions"}],"up":[{"embeddable":true,"href":"https:\/\/rainterra.net\/index.php\/wp-json\/wp\/v2\/pages\/20"}],"wp:featuredmedia":[{"embeddable":true,"href":"https:\/\/rainterra.net\/index.php\/wp-json\/"}],"wp:attachment":[{"href":"https:\/\/rainterra.net\/index.php\/wp-json\/wp\/v2\/media?parent=117"}],"curies":[{"name":"wp","href":"https:\/\/api.w.org\/{rel}","templated":true}]}}