{"id":5059,"date":"2014-09-02T18:04:43","date_gmt":"2014-09-02T22:04:43","guid":{"rendered":"http:\/\/rainterra.net\/?page_id=5059"},"modified":"2014-09-02T18:04:43","modified_gmt":"2014-09-02T22:04:43","slug":"the-morrighan","status":"publish","type":"page","link":"https:\/\/rainterra.net\/index.php\/a-propos\/the-morrighan\/","title":{"rendered":"The Morrighan"},"content":{"rendered":"<p><strong><span style=\"color: #1c1c1c;\">Morr\u00edgan\u00a0&#8211; M\u00f3rr\u00edgan &#8211; Morrighan\u00a0ou Morrigane ou Morr\u00edgu\u00a0<\/span><\/strong><\/p>\n<p style=\"text-align: justify;\">Nos chemins se son crois\u00e9s \u00e0 plusieurs reprise durant les derni\u00e8res ann\u00e9es&#8230; J&rsquo;\u00e9tais loin de m&rsquo;imaginer qu&rsquo;elle\u00a0se taillait\u00a0sa place dans ma vie. Morrighan devient ma premi\u00e8re D\u00e9esse Patronne lorsque, pour moi, il n&rsquo;y a aucun doute que ce sera Brighit ou Bloeudewedd. Et pourtant, elle se manifestait dans mes m\u00e9ditations, mes voyages m\u00e9ditatifs, dans ma vie de tout les jours&#8230; Et moi, aveugle, je ne voyais rien.<\/p>\n<p style=\"text-align: justify;\"><strong>Les Corbeaux\/Corneilles &#8211;<\/strong> m&rsquo;ont toujours fascin\u00e9, je ne peux entendre leur croassement sans sourire, je ne peux passer pr\u00e8s d&rsquo;eux sans les regarder. Ils \u00e9voquent en moi un d\u00e9sir de vivre, de m&rsquo;\u00e9panouir, de foncer, toujours me d\u00e9passer. Bien qu&rsquo;ils soient deux animaux distincts (avec des propri\u00e9t\u00e9s propres \u00e0 chacun) je n&rsquo;arrive pas \u00e0 les s\u00e9parer. Je n&rsquo;arrivais toutefois pas \u00e0 comprendre pourquoi ces animaux m&rsquo;avaient choisis parce que j&rsquo;ai une peur bleue des oiseaux&#8230;<\/p>\n<p style=\"text-align: justify;\"><strong>Le loup &#8211;<\/strong> est mon animal totem depuis des ann\u00e9es. J&rsquo;ai \u00e9t\u00e9 longue a comprendre pourquoi cet animal m&rsquo;avait choisi. Pour moi, le loup n&rsquo;\u00e9tait qu&rsquo;un animal comme un autre et je ne ressentais aucune connexion, aucune\u00a0affinit\u00e9 envers lui.. Puis un jour, le lien s&rsquo;est fait en moi lors d&rsquo;un voyage dit \u00ab\u00a0shapshifting\u00a0\u00bb. O\u00f9 tout a pris sens&#8230; Le loup n&rsquo;est pas simplement qu&rsquo;un loup mais il est en moi ce qui me pousse \u00e0 avancer. Tant que je n&rsquo;avais pas r\u00e9alis\u00e9 \u00e7a, je ne pouvais pas continuer mon cheminement. J&rsquo;ai beaucoup grandit ces derniers temps.<\/p>\n<p style=\"text-align: justify;\">Sans le savoir, la Morrighan tissait des liens dans mon c\u0153ur et mon esprit, jamais je n&rsquo;aurais fait le lien corbeau\/corneille\/loup. Et un jour, je suis tomb\u00e9 sur cette image et tout s&rsquo;est plac\u00e9 dans mon \u00eatre&#8230; J&rsquo;ai compris que la Morrighan s&rsquo;est bien install\u00e9 et que je la suivrais sur ce sentier encore inconnu \u00e0 mes yeux&#8230;<\/p>\n<p style=\"text-align: justify;\"><a href=\"http:\/\/rainterra.net\/wp-content\/uploads\/2014\/09\/Morrighan1.jpg\"><img loading=\"lazy\" decoding=\"async\" class=\"aligncenter wp-image-5223 size-medium\" src=\"http:\/\/rainterra.net\/wp-content\/uploads\/2014\/09\/Morrighan1-239x300.jpg\" alt=\"Morrighan\" width=\"239\" height=\"300\" \/><\/a><\/p>\n<p style=\"text-align: center;\"><a href=\"https:\/\/www.etsy.com\/ca\/shop\/ArtByChelseaSmith?ref=l2-shopheader-name\" target=\"_blank\">Art by Chelsea<\/a> (Etsy)<\/p>\n","protected":false},"excerpt":{"rendered":"<p>Morr\u00edgan\u00a0&#8211; M\u00f3rr\u00edgan &#8211; Morrighan\u00a0ou Morrigane ou Morr\u00edgu\u00a0 Nos chemins se son crois\u00e9s \u00e0 plusieurs reprise durant les derni\u00e8res ann\u00e9es&#8230; J&rsquo;\u00e9tais loin de m&rsquo;imaginer qu&rsquo;elle\u00a0se taillait\u00a0sa place dans ma vie. Morrighan devient ma premi\u00e8re D\u00e9esse Patronne lorsque, pour moi, il n&rsquo;y &hellip; <a href=\"https:\/\/rainterra.net\/index.php\/a-propos\/the-morrighan\/\">Continuer la lecture <span class=\"meta-nav\">&rarr;<\/span><\/a><\/p>\n","protected":false},"author":1,"featured_media":5069,"parent":2,"menu_order":0,"comment_status":"open","ping_status":"closed","template":"page-full.php","meta":{"footnotes":""},"class_list":["post-5059","page","type-page","status-publish","has-post-thumbnail","hentry"],"_links":{"self":[{"href":"https:\/\/rainterra.net\/index.php\/wp-json\/wp\/v2\/pages\/5059","targetHints":{"allow":["GET"]}}],"collection":[{"href":"https:\/\/rainterra.net\/index.php\/wp-json\/wp\/v2\/pages"}],"about":[{"href":"https:\/\/rainterra.net\/index.php\/wp-json\/wp\/v2\/types\/page"}],"author":[{"embeddable":true,"href":"https:\/\/rainterra.net\/index.php\/wp-json\/wp\/v2\/users\/1"}],"replies":[{"embeddable":true,"href":"https:\/\/rainterra.net\/index.php\/wp-json\/wp\/v2\/comments?post=5059"}],"version-history":[{"count":0,"href":"https:\/\/rainterra.net\/index.php\/wp-json\/wp\/v2\/pages\/5059\/revisions"}],"up":[{"embeddable":true,"href":"https:\/\/rainterra.net\/index.php\/wp-json\/wp\/v2\/pages\/2"}],"wp:featuredmedia":[{"embeddable":true,"href":"https:\/\/rainterra.net\/index.php\/wp-json\/"}],"wp:attachment":[{"href":"https:\/\/rainterra.net\/index.php\/wp-json\/wp\/v2\/media?parent=5059"}],"curies":[{"name":"wp","href":"https:\/\/api.w.org\/{rel}","templated":true}]}}