{"id":5104,"date":"2014-08-22T18:20:34","date_gmt":"2014-08-22T22:20:34","guid":{"rendered":"http:\/\/souslesbrumes.com\/?page_id=135"},"modified":"2014-08-22T18:20:34","modified_gmt":"2014-08-22T22:20:34","slug":"carnet-ix","status":"publish","type":"page","link":"https:\/\/rainterra.net\/index.php\/a-propos\/terra-grove\/les-carnets\/carnet-ix\/","title":{"rendered":"Carnet IX"},"content":{"rendered":"<p style=\"text-align: justify;\"><strong>Les Rites et Passages<br \/>\n<\/strong>Un rite de passage est un rituel marquant le changement de statut social ou sexuel d&rsquo;un individu, le plus g\u00e9n\u00e9ralement la pubert\u00e9 sociale mais aussi pour d&rsquo;autres \u00e9v\u00e9nements comme la naissance ou la m\u00e9nopause. Le rituel se mat\u00e9rialise le plus souvent par une c\u00e9r\u00e9monie ou des \u00e9preuves diverses. en cela qu&rsquo;il marque une \u00e9tape dans la vie d&rsquo;un individu, tandis que le rite d&rsquo;initiation marque l&rsquo;incorporation d&rsquo;un individu dans un groupe social ou religieux : le premier touche indistinctement tous les individus d&rsquo;un m\u00eame sexe tandis que le second les s\u00e9lectionne. &#8211; <em>Wikip\u00e9dia<\/em><\/p>\n<h3 style=\"text-align: justify;\">Notions de base:<\/h3>\n<p>Birthing ~ Accouchement \u2013 huile d\u2019accouchement<br \/>\nintroduction &#8211; rite du nouveau-n\u00e9<br \/>\nComming of age \u2013 purification<br \/>\nConjointage &#8211; Rite de conjointage \u2013 Pour De Futurs Conjoints \u2013 Pour b\u00e9nir les bagues de conjointage<br \/>\nRequiem &#8211; rite des adieux \u2013 Lettre \u00e0 un disparu \u2013 En m\u00e9moire d\u2019un disparu<br \/>\nDivers \u2013 pri\u00e8res \u2013 b\u00e9n\u00e9diction \u2013 d\u00e9dication<\/p>\n","protected":false},"excerpt":{"rendered":"<p>Les Rites et Passages Un rite de passage est un rituel marquant le changement de statut social ou sexuel d&rsquo;un individu, le plus g\u00e9n\u00e9ralement la pubert\u00e9 sociale mais aussi pour d&rsquo;autres \u00e9v\u00e9nements comme la naissance ou la m\u00e9nopause. Le rituel &hellip; <a href=\"https:\/\/rainterra.net\/index.php\/a-propos\/terra-grove\/les-carnets\/carnet-ix\/\">Continuer la lecture <span class=\"meta-nav\">&rarr;<\/span><\/a><\/p>\n","protected":false},"author":1,"featured_media":101,"parent":20,"menu_order":0,"comment_status":"closed","ping_status":"closed","template":"","meta":{"footnotes":""},"class_list":["post-5104","page","type-page","status-publish","has-post-thumbnail","hentry"],"_links":{"self":[{"href":"https:\/\/rainterra.net\/index.php\/wp-json\/wp\/v2\/pages\/5104","targetHints":{"allow":["GET"]}}],"collection":[{"href":"https:\/\/rainterra.net\/index.php\/wp-json\/wp\/v2\/pages"}],"about":[{"href":"https:\/\/rainterra.net\/index.php\/wp-json\/wp\/v2\/types\/page"}],"author":[{"embeddable":true,"href":"https:\/\/rainterra.net\/index.php\/wp-json\/wp\/v2\/users\/1"}],"replies":[{"embeddable":true,"href":"https:\/\/rainterra.net\/index.php\/wp-json\/wp\/v2\/comments?post=5104"}],"version-history":[{"count":0,"href":"https:\/\/rainterra.net\/index.php\/wp-json\/wp\/v2\/pages\/5104\/revisions"}],"up":[{"embeddable":true,"href":"https:\/\/rainterra.net\/index.php\/wp-json\/wp\/v2\/pages\/20"}],"wp:featuredmedia":[{"embeddable":true,"href":"https:\/\/rainterra.net\/index.php\/wp-json\/"}],"wp:attachment":[{"href":"https:\/\/rainterra.net\/index.php\/wp-json\/wp\/v2\/media?parent=5104"}],"curies":[{"name":"wp","href":"https:\/\/api.w.org\/{rel}","templated":true}]}}