{"id":5105,"date":"2014-08-22T18:52:26","date_gmt":"2014-08-22T22:52:26","guid":{"rendered":"http:\/\/souslesbrumes.com\/?page_id=172"},"modified":"2014-08-22T18:52:26","modified_gmt":"2014-08-22T22:52:26","slug":"le-paganisme","status":"publish","type":"page","link":"https:\/\/rainterra.net\/index.php\/a-propos\/terra-grove\/les-carnets\/carnet-i\/le-paganisme\/","title":{"rendered":"Le Paganisme&#8230;"},"content":{"rendered":"<p style=\"text-align: justify;\">Terme utilis\u00e9 par le christianisme, \u00e0 partir du IVe si\u00e8cle, pour d\u00e9signer les cultes polyth\u00e9istes gr\u00e9co-romains qu&rsquo;il combattit et auxquels les paysans (mot ayant la m\u00eame origine) rest\u00e8rent longtemps fid\u00e8les : cultes des saisons, de la f\u00e9condit\u00e9, des anc\u00eatres, etc. . Plus tard le paganisme d\u00e9signa, pour les chr\u00e9tiens, idol\u00e2trie et toutes les croyances en des dieux \u00e9trangers ou en de \u00ab\u00a0faux dieux\u00a0\u00bb. Il f\u00fbt m\u00eame utilis\u00e9 pour qualifier l&rsquo;indiff\u00e9rence en mati\u00e8re de religion et m\u00eame la libre pens\u00e9e.<br \/>\nsource: <a href=\"http:\/\/atheisme.free.fr\/Religion\/\" target=\"_blank\">religions &amp; croyances<\/a><\/p>\n<h4 style=\"text-align: justify;\">Paganisme (c) 1995 Encyclop\u00e6dia Universalis<\/h4>\n<p style=\"text-align: justify;\">Pa\u00efen, paganisme sont des mots de chr\u00e9tien, des \u00e9tiquettes que la religion montante attache aux religions d\u00e9clinantes. Les chr\u00e9tiens ont appel\u00e9 paganisme le polyth\u00e9isme antique, auquel les gens des campagnes (latin, pagani ) rest\u00e8rent longtemps fid\u00e8les. Par extension, les th\u00e9ologiens ont r\u00e9put\u00e9 pa\u00efennes toutes les formes religieuses qui ne sont ni juives ni chr\u00e9tiennes ; il y a h\u00e9sitation pour l&rsquo;islam, troisi\u00e8me religion du Livre : le Moyen \u00c2ge a parfois trait\u00e9 de pa\u00efens les musulmans.<\/p>\n<p style=\"text-align: justify;\">Certains ph\u00e9nom\u00e9nologues des religions ont essay\u00e9 de d\u00e9finir le paganisme avec d&rsquo;autres crit\u00e8res que ceux de l&rsquo;histoire ou de la g\u00e9ographie et, bien entendu, ils ont retir\u00e9 du mot toute pointe pol\u00e9mique. Selon eux, le paganisme est un mode d&rsquo;appr\u00e9hension du sacr\u00e9 (ou du divin) \u00e0 travers des m\u00e9diations purement naturelles : celles de la nature mat\u00e9rielle, de la nature vivante ou de la nature psychologique de l&rsquo;homme (repr\u00e9sentations des dieux sous formes cosmique, v\u00e9g\u00e9tale, animale, humaine).<\/p>\n<h4 style=\"text-align: justify;\">Paganisme [Encarta 99]<\/h4>\n<p style=\"text-align: justify;\">Nom donn\u00e9 par les chr\u00e9tiens de la fin de l&rsquo;Empire romain aux anciennes croyances et pratiques religieuses polyth\u00e9istes.<br \/>\nLe terme, en latin paganus, qui signifie \u00ab\u00a0pa\u00efen\u00a0\u00bb ou \u00ab\u00a0paysan\u00a0\u00bb, s&rsquo;applique au groupe et \u00e0 l&rsquo;individu en tant que membre de ce groupe. Devant le cas d&rsquo;un membre d&rsquo;une communaut\u00e9 pa\u00efenne qui se convertit au christianisme, on parle de pagano-chr\u00e9tien. Au sens chr\u00e9tien, le terme s&rsquo;applique \u00e0 tous les non-baptis\u00e9s, et plus pr\u00e9cis\u00e9ment \u00e0 tout groupe religieux qui ne fait pas partie de l&rsquo;Alliance (juifs et musulmans ne pourront pas \u00eatre appel\u00e9s pa\u00efens).<\/p>\n<p style=\"text-align: justify;\">Les pa\u00efens sont, pour les chr\u00e9tiens, des hommes appartenant \u00e0 un groupe ethnique donn\u00e9 qui n&rsquo;ont pas encore historiquement entendu l&rsquo;appel du christianisme ou le refusent au nom de leurs traditions religieuses. Le terme d\u00e9signe aujourd&rsquo;hui une grande diversit\u00e9 de religions indig\u00e8nes ou \u00ab\u00a0traditionnelles\u00a0\u00bb. Les religions ne sont pas toutes dispos\u00e9es \u00e0 accepter une telle d\u00e9signation en raison des connotations souvent n\u00e9gatives et p\u00e9joratives dont le terme a \u00e9t\u00e9 entach\u00e9 durant la p\u00e9riode coloniale notamment en Afrique.<\/p>\n","protected":false},"excerpt":{"rendered":"<p>Terme utilis\u00e9 par le christianisme, \u00e0 partir du IVe si\u00e8cle, pour d\u00e9signer les cultes polyth\u00e9istes gr\u00e9co-romains qu&rsquo;il combattit et auxquels les paysans (mot ayant la m\u00eame origine) rest\u00e8rent longtemps fid\u00e8les : cultes des saisons, de la f\u00e9condit\u00e9, des anc\u00eatres, etc. &hellip; <a href=\"https:\/\/rainterra.net\/index.php\/a-propos\/terra-grove\/les-carnets\/carnet-i\/le-paganisme\/\">Continuer la lecture <span class=\"meta-nav\">&rarr;<\/span><\/a><\/p>\n","protected":false},"author":1,"featured_media":87,"parent":18,"menu_order":0,"comment_status":"closed","ping_status":"closed","template":"","meta":{"footnotes":""},"class_list":["post-5105","page","type-page","status-publish","has-post-thumbnail","hentry"],"_links":{"self":[{"href":"https:\/\/rainterra.net\/index.php\/wp-json\/wp\/v2\/pages\/5105","targetHints":{"allow":["GET"]}}],"collection":[{"href":"https:\/\/rainterra.net\/index.php\/wp-json\/wp\/v2\/pages"}],"about":[{"href":"https:\/\/rainterra.net\/index.php\/wp-json\/wp\/v2\/types\/page"}],"author":[{"embeddable":true,"href":"https:\/\/rainterra.net\/index.php\/wp-json\/wp\/v2\/users\/1"}],"replies":[{"embeddable":true,"href":"https:\/\/rainterra.net\/index.php\/wp-json\/wp\/v2\/comments?post=5105"}],"version-history":[{"count":0,"href":"https:\/\/rainterra.net\/index.php\/wp-json\/wp\/v2\/pages\/5105\/revisions"}],"up":[{"embeddable":true,"href":"https:\/\/rainterra.net\/index.php\/wp-json\/wp\/v2\/pages\/18"}],"wp:featuredmedia":[{"embeddable":true,"href":"https:\/\/rainterra.net\/index.php\/wp-json\/"}],"wp:attachment":[{"href":"https:\/\/rainterra.net\/index.php\/wp-json\/wp\/v2\/media?parent=5105"}],"curies":[{"name":"wp","href":"https:\/\/api.w.org\/{rel}","templated":true}]}}