{"id":5107,"date":"2014-08-22T20:17:12","date_gmt":"2014-08-23T00:17:12","guid":{"rendered":"http:\/\/souslesbrumes.com\/?page_id=197"},"modified":"2014-08-22T20:17:12","modified_gmt":"2014-08-23T00:17:12","slug":"differentes-voies-paiennes","status":"publish","type":"page","link":"https:\/\/rainterra.net\/index.php\/a-propos\/terra-grove\/les-carnets\/carnet-i\/differentes-voies-paiennes\/","title":{"rendered":"Diff\u00e9rentes voies pa\u00efennes"},"content":{"rendered":"<p style=\"text-align: justify;\"><strong>Animisme &#8211; <\/strong>L\u2019animisme (du latin animus, originairement esprit, puis \u00e2me) est la croyance en une \u00e2me, une force vitale, animant les \u00eatres vivants, les objets mais aussi les \u00e9l\u00e9ments naturels, comme les pierres ou le vent, ainsi qu&rsquo;en les g\u00e9nies protecteurs.<strong><br \/>\n\u00c1satr\u00fa &#8211; <\/strong>L\u2019\u00c1satr\u00fa est une manifestation du n\u00e9opaganisme germanique ou pr\u00e9cis\u00e9ment germanique du Nord dit aussi nordique ou scandinave. Elle tire la plupart de ses enseignements dans les sagas dites les sagas islandaises, dans l&rsquo;Edda po\u00e9tique et dans l&rsquo;Edda de Snorri. Cette religion s&rsquo;inscrit dans un mouvement appel\u00e9 le reconstructioniste qui vise \u00e0 faire revivre les religions ethniques qui existaient avant l&rsquo;arriv\u00e9e des religions monoth\u00e9istes.<br \/>\n<strong>Druidisme &#8211; <\/strong>Le n\u00e9odruidisme (\u00e9galement appel\u00e9 druidisme par certains adh\u00e9rents) est une forme moderne de religion ou de spiritualit\u00e9 qui promeut l&rsquo;harmonie avec la nature, souvent au travers d&rsquo;une forme de culte de la nature. Ce mouvement d&rsquo;inspiration ma\u00e7onnique1, essentiellement pr\u00e9sent dans le monde anglo-saxon et en Europe dans les pays anciennement celtis\u00e9s, compterait deux millions d&rsquo;initi\u00e9s.<br \/>\n<strong>Hell\u00e9nisme &#8211; <\/strong>L\u2019hell\u00e9nisme est l&rsquo;\u00e9tude de la civilisation grecque antique. Les participants \u00e0 cette \u00e9tude savante estiment g\u00e9n\u00e9ralement contribuer aux progr\u00e8s de la connaissance d&rsquo;une haute culture et des fondements du jeu d\u00e9mocratique, de la politique, des sciences, de l&rsquo;histoire et de la philosophie, qui sont g\u00e9n\u00e9ralement tenues pour des inventions des Grecs, bien que d&rsquo;autres cultures aient aussi particip\u00e9 \u00e0 divers degr\u00e9s au d\u00e9veloppement de certains de ces aspects de la civilisation humaine.<br \/>\n<strong>Kemetisme &#8211; <\/strong>Le k\u00e9mitisme ou encore kh\u00e9mitisme est un ensemble de croyances et de pratiques qui trouvent leur origines aux \u00c9tats-Unis dans les ann\u00e9es 1970 et qui s&rsquo;inspirent librement de la religion de l&rsquo;\u00c9gypte ancienne.<strong><br \/>\nReclaiming &#8211;\u00a0<\/strong>Le Reclaiming\u00a0est un organisme\u00a0f\u00e9ministe de\u00a0sorcellerie moderne visant \u00e0 combiner D\u00e9esse et activisme politique (dans la paix et les mouvements anti-nucl\u00e9aires ).\u00a0 Fond\u00e9e en 1979, dans le cadre du reclaiming\u00a0collectif (1978-1997), par Starhawk et Diane Baker. Aujourd&rsquo;hui, l&rsquo;accent est port\u00e9\u00a0sur \u200b\u200bl&rsquo;activisme social, politique, environnemental et \u00e9conomique progressive.<strong><br \/>\n<\/strong><strong>Wicca &#8211; <\/strong>La Wicca est\u00a0bas\u00e9 sur l&rsquo;\u00ab Ancienne Religion \u00bb d\u00e9finie par Gerald Gardner et incluant des \u00e9l\u00e9ments de croyances telles que le chamanisme, le druidisme, et les mythologies gr\u00e9co-romaine, slave, celtique et nordique. Ses adeptes, les wiccans, pr\u00f4nent un culte envers la nature, et s&rsquo;adonnent parfois, \u00e0 la magie. La Wicca est avant tout un Culte \u00e0 Myst\u00e8re.<\/p>\n<p style=\"text-align: justify;\">Sources : wikipedia<\/p>\n","protected":false},"excerpt":{"rendered":"<p>Animisme &#8211; L\u2019animisme (du latin animus, originairement esprit, puis \u00e2me) est la croyance en une \u00e2me, une force vitale, animant les \u00eatres vivants, les objets mais aussi les \u00e9l\u00e9ments naturels, comme les pierres ou le vent, ainsi qu&rsquo;en les g\u00e9nies &hellip; <a href=\"https:\/\/rainterra.net\/index.php\/a-propos\/terra-grove\/les-carnets\/carnet-i\/differentes-voies-paiennes\/\">Continuer la lecture <span class=\"meta-nav\">&rarr;<\/span><\/a><\/p>\n","protected":false},"author":1,"featured_media":5096,"parent":18,"menu_order":0,"comment_status":"closed","ping_status":"closed","template":"","meta":{"footnotes":""},"class_list":["post-5107","page","type-page","status-publish","has-post-thumbnail","hentry"],"_links":{"self":[{"href":"https:\/\/rainterra.net\/index.php\/wp-json\/wp\/v2\/pages\/5107","targetHints":{"allow":["GET"]}}],"collection":[{"href":"https:\/\/rainterra.net\/index.php\/wp-json\/wp\/v2\/pages"}],"about":[{"href":"https:\/\/rainterra.net\/index.php\/wp-json\/wp\/v2\/types\/page"}],"author":[{"embeddable":true,"href":"https:\/\/rainterra.net\/index.php\/wp-json\/wp\/v2\/users\/1"}],"replies":[{"embeddable":true,"href":"https:\/\/rainterra.net\/index.php\/wp-json\/wp\/v2\/comments?post=5107"}],"version-history":[{"count":0,"href":"https:\/\/rainterra.net\/index.php\/wp-json\/wp\/v2\/pages\/5107\/revisions"}],"up":[{"embeddable":true,"href":"https:\/\/rainterra.net\/index.php\/wp-json\/wp\/v2\/pages\/18"}],"wp:featuredmedia":[{"embeddable":true,"href":"https:\/\/rainterra.net\/index.php\/wp-json\/"}],"wp:attachment":[{"href":"https:\/\/rainterra.net\/index.php\/wp-json\/wp\/v2\/media?parent=5107"}],"curies":[{"name":"wp","href":"https:\/\/api.w.org\/{rel}","templated":true}]}}