{"id":5616,"date":"2023-12-05T08:34:21","date_gmt":"2023-12-05T13:34:21","guid":{"rendered":"https:\/\/rainterra.net\/?page_id=5616"},"modified":"2024-01-25T16:28:00","modified_gmt":"2024-01-25T21:28:00","slug":"accueil","status":"publish","type":"page","link":"https:\/\/rainterra.net\/","title":{"rendered":"Accueil"},"content":{"rendered":"<p style=\"text-align: center;\"><span style=\"font-family: arial, helvetica, sans-serif; color: #11674a; font-size: 14pt;\">Bonjour \u00e0 tous,<\/span><\/p>\n<p style=\"text-align: center;\"><span style=\"font-family: arial, helvetica, sans-serif; color: #11674a; font-size: 14pt;\">Apr\u00e8s plusieurs ann\u00e9es d&rsquo;inactivit\u00e9, ce site ne sera plus mis \u00e0 jour.<\/span><br \/>\n<span style=\"font-family: arial, helvetica, sans-serif; color: #11674a; font-size: 14pt;\">Pour retrouver une partie de son contenu, merci de visiter lasorcierespirituelle.com<\/span><\/p>\n<p>&nbsp;<\/p>\n<p style=\"text-align: center;\"><span style=\"font-family: arial, helvetica, sans-serif;\"><strong><span style=\"color: #11674a;\">Here you can find my Q*bee shrine &amp; the fanlistings joined over the years<\/span><br \/>\n<\/strong><\/span><\/p>\n<p>&nbsp;<\/p>\n","protected":false},"excerpt":{"rendered":"<p>Bonjour \u00e0 tous, Apr\u00e8s plusieurs ann\u00e9es d&rsquo;inactivit\u00e9, ce site ne sera plus mis \u00e0 jour. Pour retrouver une partie de son contenu, merci de visiter lasorcierespirituelle.com &nbsp; Here you can find my Q*bee shrine &amp; the fanlistings joined over the &hellip; <a href=\"https:\/\/rainterra.net\/\">Continuer la lecture <span class=\"meta-nav\">&rarr;<\/span><\/a><\/p>\n","protected":false},"author":1,"featured_media":0,"parent":0,"menu_order":0,"comment_status":"closed","ping_status":"closed","template":"onecolumn-page.php","meta":{"footnotes":""},"class_list":["post-5616","page","type-page","status-publish","hentry"],"_links":{"self":[{"href":"https:\/\/rainterra.net\/index.php\/wp-json\/wp\/v2\/pages\/5616","targetHints":{"allow":["GET"]}}],"collection":[{"href":"https:\/\/rainterra.net\/index.php\/wp-json\/wp\/v2\/pages"}],"about":[{"href":"https:\/\/rainterra.net\/index.php\/wp-json\/wp\/v2\/types\/page"}],"author":[{"embeddable":true,"href":"https:\/\/rainterra.net\/index.php\/wp-json\/wp\/v2\/users\/1"}],"replies":[{"embeddable":true,"href":"https:\/\/rainterra.net\/index.php\/wp-json\/wp\/v2\/comments?post=5616"}],"version-history":[{"count":8,"href":"https:\/\/rainterra.net\/index.php\/wp-json\/wp\/v2\/pages\/5616\/revisions"}],"predecessor-version":[{"id":5705,"href":"https:\/\/rainterra.net\/index.php\/wp-json\/wp\/v2\/pages\/5616\/revisions\/5705"}],"wp:attachment":[{"href":"https:\/\/rainterra.net\/index.php\/wp-json\/wp\/v2\/media?parent=5616"}],"curies":[{"name":"wp","href":"https:\/\/api.w.org\/{rel}","templated":true}]}}